{"id":2025,"date":"2025-08-09T12:03:23","date_gmt":"2025-08-09T10:03:23","guid":{"rendered":"https:\/\/avsp.sindev.ch\/datenschutzerklaerung\/"},"modified":"2025-09-08T22:07:49","modified_gmt":"2025-09-08T20:07:49","slug":"datenschutzerklaerung","status":"publish","type":"page","link":"https:\/\/avsp.sindev.ch\/de\/datenschutzerklaerung\/","title":{"rendered":"Datenschutzerkl\u00e4rung"},"content":{"rendered":"\t\t<div data-elementor-type=\"wp-page\" data-elementor-id=\"2025\" class=\"elementor elementor-2025 elementor-1815\" data-elementor-post-type=\"page\">\n\t\t\t\t<div class=\"elementor-element elementor-element-481c85e e-flex e-con-boxed e-con e-parent\" data-id=\"481c85e\" data-element_type=\"container\" data-e-type=\"container\">\n\t\t\t\t\t<div class=\"e-con-inner\">\n\t\t\t\t<div class=\"elementor-element elementor-element-1457231 elementor-widget elementor-widget-heading\" data-id=\"1457231\" data-element_type=\"widget\" data-e-type=\"widget\" data-widget_type=\"heading.default\">\n\t\t\t\t<div class=\"elementor-widget-container\">\n\t\t\t\t\t<h2 class=\"elementor-heading-title elementor-size-default\">Datenschutzerkl\u00e4rung  <\/h2>\t\t\t\t<\/div>\n\t\t\t\t<\/div>\n\t\t\t\t<div class=\"elementor-element elementor-element-6563fdb elementor-widget elementor-widget-text-editor\" data-id=\"6563fdb\" data-element_type=\"widget\" data-e-type=\"widget\" data-widget_type=\"text-editor.default\">\n\t\t\t\t<div class=\"elementor-widget-container\">\n\t\t\t\t\t\t\t\t\t<h2 data-start=\"285\" data-end=\"305\">1. Einleitung<\/h2>\n<p data-start=\"306\" data-end=\"737\">Diese Datenschutzerkl\u00e4rung soll die Nutzer der Website www.avsp.ch dar\u00fcber informieren, wie ihre Daten w\u00e4hrend der Navigation verarbeitet werden.<br data-start=\"483\" data-end=\"486\">Wir legen gro\u00dfen Wert auf den Schutz Ihrer Privatsph\u00e4re. Deshalb erheben wir keine personenbezogenen Daten direkt von Ihnen (keine Kontaktformulare, keine Registrierungen, keine freiwillig \u00fcbermittelten Informationen). <\/p>\n<h2 data-start=\"739\" data-end=\"781\">2. Automatisch erhobene Daten<\/h2>\n<p data-start=\"782\" data-end=\"972\">W\u00e4hrend Ihrer Navigation k\u00f6nnen bestimmte Informationen automatisch zu statistischen Zwecken und zur Suchmaschinenoptimierung (SEO) \u00fcber die folgenden Dienste erhoben werden:<\/p>\n<ul data-start=\"974\" data-end=\"1279\">\n<li data-start=\"974\" data-end=\"1118\">\n<p data-start=\"976\" data-end=\"1118\"><strong data-start=\"976\" data-end=\"996\">Google Analytics<\/strong>: erm\u00f6glicht es, die Website-Besucher zu messen, das Besucherverhalten zu verstehen und die Benutzererfahrung zu verbessern.<\/p>\n<\/li>\n<li data-start=\"1119\" data-end=\"1279\">\n<p data-start=\"1121\" data-end=\"1279\"><strong data-start=\"1121\" data-end=\"1146\">Google Search Console<\/strong>: erm\u00f6glicht es, die Leistung der Website in den Google-Suchergebnissen zu analysieren und m\u00f6gliche technische Probleme zu erkennen.<\/p>\n<\/li>\n<\/ul>\n<p data-start=\"1281\" data-end=\"1381\">Diese Tools k\u00f6nnen \u00fcber Cookies oder \u00e4hnliche Technologien Daten wie die folgenden erheben:<\/p>\n<ul data-start=\"1382\" data-end=\"1584\">\n<li data-start=\"1382\" data-end=\"1429\">\n<p data-start=\"1384\" data-end=\"1429\">Ihre IP-Adresse (anonymisiert, falls konfiguriert),<\/p>\n<\/li>\n<li data-start=\"1430\" data-end=\"1478\">\n<p data-start=\"1432\" data-end=\"1478\">der verwendete Ger\u00e4tetyp und Browser,<\/p>\n<\/li>\n<li data-start=\"1479\" data-end=\"1502\">\n<p data-start=\"1481\" data-end=\"1502\">die Dauer des Besuchs,<\/p>\n<\/li>\n<li data-start=\"1503\" data-end=\"1528\">\n<p data-start=\"1505\" data-end=\"1528\">die besuchten Seiten,<\/p>\n<\/li>\n<li data-start=\"1529\" data-end=\"1584\">\n<p data-start=\"1531\" data-end=\"1584\">die Suchbegriffe, die zu unserer Website gef\u00fchrt haben.<\/p>\n<\/li>\n<\/ul>\n<p data-start=\"1586\" data-end=\"1683\">Diese Daten werden aggregiert verarbeitet und erm\u00f6glichen keine direkte Identifizierung Ihrer Person.<\/p>\n<h2 data-start=\"1685\" data-end=\"1731\">3. Verwendungszwecke der Daten<\/h2>\n<p data-start=\"1732\" data-end=\"1861\">Die automatisch \u00fcber Google Analytics und Google Search Console erhobenen Daten werden ausschlie\u00dflich zu folgenden Zwecken verwendet:<\/p>\n<ul data-start=\"1862\" data-end=\"2010\">\n<li data-start=\"1862\" data-end=\"1914\">\n<p data-start=\"1864\" data-end=\"1914\">statistische Analyse der Website-Nutzung,<\/p>\n<\/li>\n<li data-start=\"1915\" data-end=\"1961\">\n<p data-start=\"1917\" data-end=\"1961\">Verbesserung des Inhalts und der Benutzerfreundlichkeit,<\/p>\n<\/li>\n<li data-start=\"1962\" data-end=\"2010\">\n<p data-start=\"1964\" data-end=\"2010\">Optimierung der Suchmaschinenplatzierung (SEO).<\/p>\n<\/li>\n<\/ul>\n<p data-start=\"2012\" data-end=\"2091\">Wir verwenden Ihre Daten nicht kommerziell und verkaufen sie auch nicht weiter.<\/p>\n<h2 data-start=\"2093\" data-end=\"2120\">4. Verwaltung von Cookies<\/h2>\n<p data-start=\"2121\" data-end=\"2238\">W\u00e4hrend Ihrer Navigation k\u00f6nnen Cookies von Google Analytics auf Ihrem Ger\u00e4t abgelegt werden.<br data-start=\"2220\" data-end=\"2223\">Sie k\u00f6nnen:<\/p>\n<ul data-start=\"2239\" data-end=\"2426\">\n<li data-start=\"2239\" data-end=\"2315\">\n<p data-start=\"2241\" data-end=\"2315\">diese Cookies \u00fcber die Einstellungen Ihres Browsers ablehnen oder l\u00f6schen,<\/p>\n<\/li>\n<li data-start=\"2316\" data-end=\"2426\">\n<p data-start=\"2318\" data-end=\"2426\">oder Erweiterungen (z. B. Google Analytics Opt-out Browser Add-on) verwenden, um das Tracking zu deaktivieren.<\/p>\n<\/li>\n<\/ul>\n<h2 data-start=\"2428\" data-end=\"2471\">5. Speicherung und Weitergabe von Daten<\/h2>\n<p data-start=\"2472\" data-end=\"2788\">Die \u00fcber Google Analytics und Google Search Console erhobenen Daten werden von Google gem\u00e4\u00df deren eigenen Datenschutzrichtlinien gespeichert.<br data-start=\"2618\" data-end=\"2621\">Wir haben keine direkte Kontrolle \u00fcber diese Daten, verpflichten uns jedoch, deren Nutzung ausschlie\u00dflich auf statistische Zwecke und die Optimierung der Website zu beschr\u00e4nken.<\/p>\n<p data-start=\"2790\" data-end=\"2856\">Weitere Informationen zur Datenverwaltung durch Google:<\/p>\n<ul data-start=\"2857\" data-end=\"3051\">\n<li data-start=\"2857\" data-end=\"2938\">\n<p data-start=\"2859\" data-end=\"2938\"><a class=\"decorated-link cursor-pointer\" target=\"_new\" rel=\"noopener\" data-start=\"2859\" data-end=\"2936\">Datenschutzerkl\u00e4rung von Google<\/a><\/p>\n<\/li>\n<li data-start=\"2939\" data-end=\"3051\">\n<p data-start=\"2941\" data-end=\"3051\"><a class=\"decorated-link cursor-pointer\" target=\"_new\" rel=\"noopener\" data-start=\"2941\" data-end=\"3051\">Nutzungsbedingungen von Google Analytics<\/a><\/p>\n<\/li>\n<\/ul>\n<h2 data-start=\"3053\" data-end=\"3084\">6. Rechte der Nutzer<\/h2>\n<p>Gem\u00e4\u00df dem Datenschutzgesetz stehen Ihnen insbesondere die folgenden Rechte zu:<\/p>\n<ul>\n<li>Ihr Auskunftsrecht \u2013 Sie haben das Recht, von uns Kopien<\/li>\n<li>Ihrer personenbezogenen Daten zu erhalten.<\/li>\n<li>Ihr Recht auf Berichtigung \u2013 Sie haben das Recht, von uns die Berichtigung von Informationen zu verlangen, die Sie f\u00fcr unrichtig halten. Sie haben auch das Recht, von uns die Vervollst\u00e4ndigung von Informationen zu verlangen, die Sie f\u00fcr unvollst\u00e4ndig halten. <\/li>\n<li>Ihr Recht auf L\u00f6schung \u2013 Sie haben das Recht, von uns unter bestimmten Umst\u00e4nden die L\u00f6schung Ihrer personenbezogenen Daten zu verlangen.<\/li>\n<li>Ihr Recht auf Einschr\u00e4nkung der Verarbeitung \u2013 Sie haben das Recht, von uns unter bestimmten Umst\u00e4nden die Einschr\u00e4nkung der Verarbeitung Ihrer Daten zu verlangen.<\/li>\n<li>Ihr Widerspruchsrecht gegen die Verarbeitung \u2013 Sie haben das Recht, unter bestimmten Umst\u00e4nden der Verarbeitung Ihrer personenbezogenen Daten zu widersprechen.<\/li>\n<li>Ihr Recht auf Daten\u00fcbertragbarkeit \u2013 Sie haben das Recht, von uns unter bestimmten Umst\u00e4nden die Weitergabe der Daten, die Sie uns zur Verf\u00fcgung gestellt haben, an eine andere Organisation oder an Sie selbst zu verlangen.<br><\/li><li>F\u00fcr die Aus\u00fcbung Ihrer Rechte fallen keine Kosten an. Wenn Sie einen Antrag stellen, haben wir einen Monat Zeit, Ihnen zu antworten. <\/li>\n<\/ul>\n<h2 data-start=\"3453\" data-end=\"3468\">7. Kontakt<\/h2>\n<p data-start=\"3469\" data-end=\"3609\">Bei Fragen zu dieser Datenschutzerkl\u00e4rung k\u00f6nnen Sie uns \u00fcber unsere Kontaktseite kontaktieren.<\/p>\t\t\t\t\t\t\t\t<\/div>\n\t\t\t\t<\/div>\n\t\t\t\t\t<\/div>\n\t\t\t\t<\/div>\n\t\t\t\t<\/div>\n\t\t","protected":false},"excerpt":{"rendered":"<p>Datenschutzerkl\u00e4rung 1. Einleitung Diese Datenschutzerkl\u00e4rung soll die Nutzer der Website www.avsp.ch dar\u00fcber informieren, wie ihre Daten w\u00e4hrend der Navigation verarbeitet werden.Wir legen gro\u00dfen Wert auf den Schutz Ihrer Privatsph\u00e4re. Deshalb erheben wir keine personenbezogenen Daten direkt von Ihnen (keine Kontaktformulare, keine Registrierungen, keine freiwillig \u00fcbermittelten Informationen). 2. Automatisch erhobene Daten W\u00e4hrend Ihrer Navigation k\u00f6nnen bestimmte [&hellip;]<\/p>\n","protected":false},"author":1,"featured_media":0,"parent":0,"menu_order":0,"comment_status":"closed","ping_status":"closed","template":"","meta":{"_acf_changed":false,"footnotes":""},"class_list":["post-2025","page","type-page","status-publish","hentry"],"acf":[],"_links":{"self":[{"href":"https:\/\/avsp.sindev.ch\/de\/wp-json\/wp\/v2\/pages\/2025","targetHints":{"allow":["GET"]}}],"collection":[{"href":"https:\/\/avsp.sindev.ch\/de\/wp-json\/wp\/v2\/pages"}],"about":[{"href":"https:\/\/avsp.sindev.ch\/de\/wp-json\/wp\/v2\/types\/page"}],"author":[{"embeddable":true,"href":"https:\/\/avsp.sindev.ch\/de\/wp-json\/wp\/v2\/users\/1"}],"replies":[{"embeddable":true,"href":"https:\/\/avsp.sindev.ch\/de\/wp-json\/wp\/v2\/comments?post=2025"}],"version-history":[{"count":2,"href":"https:\/\/avsp.sindev.ch\/de\/wp-json\/wp\/v2\/pages\/2025\/revisions"}],"predecessor-version":[{"id":2126,"href":"https:\/\/avsp.sindev.ch\/de\/wp-json\/wp\/v2\/pages\/2025\/revisions\/2126"}],"wp:attachment":[{"href":"https:\/\/avsp.sindev.ch\/de\/wp-json\/wp\/v2\/media?parent=2025"}],"curies":[{"name":"wp","href":"https:\/\/api.w.org\/{rel}","templated":true}]}}