{"id":1516,"date":"2025-05-09T14:06:40","date_gmt":"2025-05-09T12:06:40","guid":{"rendered":"https:\/\/avsp.sindev.ch\/aktuelles\/"},"modified":"2025-11-05T18:09:08","modified_gmt":"2025-11-05T16:09:08","slug":"aktuelles","status":"publish","type":"page","link":"https:\/\/avsp.sindev.ch\/de\/aktuelles\/","title":{"rendered":"Aktuelles"},"content":{"rendered":"\t\t<div data-elementor-type=\"wp-page\" data-elementor-id=\"1516\" class=\"elementor elementor-1516 elementor-407\" data-elementor-post-type=\"page\">\n\t\t\t\t<div class=\"elementor-element elementor-element-bfa6666 e-flex e-con-boxed e-con e-parent\" data-id=\"bfa6666\" data-element_type=\"container\" data-e-type=\"container\">\n\t\t\t\t\t<div class=\"e-con-inner\">\n\t\t\t\t<div class=\"elementor-element elementor-element-1af57d9f elementor-widget elementor-widget-heading\" data-id=\"1af57d9f\" data-element_type=\"widget\" data-e-type=\"widget\" data-widget_type=\"heading.default\">\n\t\t\t\t<div class=\"elementor-widget-container\">\n\t\t\t\t\t<h1 class=\"elementor-heading-title elementor-size-default\">Aktuelles <\/h1>\t\t\t\t<\/div>\n\t\t\t\t<\/div>\n\t\t\t\t<div class=\"elementor-element elementor-element-2c0c62df elementor-widget elementor-widget-text-editor\" data-id=\"2c0c62df\" data-element_type=\"widget\" data-e-type=\"widget\" data-widget_type=\"text-editor.default\">\n\t\t\t\t<div class=\"elementor-widget-container\">\n\t\t\t\t\t\t\t\t\t<p><span style=\"font-weight: 400;\">Entdecken Sie unsere Artikel, um die Neuigkeiten unserer Kanzlei sowie wertvolle rechtliche Ratschl\u00e4ge zu erfahren. <\/span><\/p>\t\t\t\t\t\t\t\t<\/div>\n\t\t\t\t<\/div>\n\t\t\t\t\t<\/div>\n\t\t\t\t<\/div>\n\t\t<div class=\"elementor-element elementor-element-28eb70c2 e-flex e-con-boxed e-con e-parent\" data-id=\"28eb70c2\" data-element_type=\"container\" data-e-type=\"container\">\n\t\t\t\t\t<div class=\"e-con-inner\">\n\t\t\t\t<div class=\"elementor-element elementor-element-75bd374 elementor-grid-3 elementor-grid-tablet-2 elementor-grid-mobile-1 elementor-posts--thumbnail-top elementor-posts--show-avatar elementor-card-shadow-yes elementor-posts__hover-gradient elementor-widget elementor-widget-posts\" data-id=\"75bd374\" data-element_type=\"widget\" data-e-type=\"widget\" data-settings=\"{&quot;pagination_type&quot;:&quot;prev_next&quot;,&quot;cards_columns&quot;:&quot;3&quot;,&quot;cards_columns_tablet&quot;:&quot;2&quot;,&quot;cards_columns_mobile&quot;:&quot;1&quot;,&quot;cards_row_gap&quot;:{&quot;unit&quot;:&quot;px&quot;,&quot;size&quot;:35,&quot;sizes&quot;:[]},&quot;cards_row_gap_tablet&quot;:{&quot;unit&quot;:&quot;px&quot;,&quot;size&quot;:&quot;&quot;,&quot;sizes&quot;:[]},&quot;cards_row_gap_mobile&quot;:{&quot;unit&quot;:&quot;px&quot;,&quot;size&quot;:&quot;&quot;,&quot;sizes&quot;:[]}}\" data-widget_type=\"posts.cards\">\n\t\t\t\t<div class=\"elementor-widget-container\">\n\t\t\t\t\t\t\t<div class=\"elementor-posts-container elementor-posts elementor-posts--skin-cards elementor-grid\" role=\"list\">\n\t\t\t\t<article class=\"elementor-post elementor-grid-item post-2415 post type-post status-publish format-standard has-post-thumbnail hentry category-unternehmensleben tag-fortbildung tag-stockwerkeigentum\" role=\"listitem\">\n\t\t\t<div class=\"elementor-post__card\">\n\t\t\t\t<a class=\"elementor-post__thumbnail__link\" href=\"https:\/\/avsp.sindev.ch\/de\/seminar-zum-stockwerkeigentumsrecht-2025\/\" tabindex=\"-1\" target=\"_blank\"><div class=\"elementor-post__thumbnail\"><img fetchpriority=\"high\" decoding=\"async\" width=\"800\" height=\"493\" src=\"https:\/\/avsp.sindev.ch\/wp-content\/uploads\/2025\/09\/Bohnet_DSC01706-1920x1183.jpg-1024x631.webp\" class=\"attachment-large size-large wp-image-2308\" alt=\"\" srcset=\"https:\/\/avsp.sindev.ch\/wp-content\/uploads\/2025\/09\/Bohnet_DSC01706-1920x1183.jpg-1024x631.webp 1024w, https:\/\/avsp.sindev.ch\/wp-content\/uploads\/2025\/09\/Bohnet_DSC01706-1920x1183.jpg-300x185.webp 300w, https:\/\/avsp.sindev.ch\/wp-content\/uploads\/2025\/09\/Bohnet_DSC01706-1920x1183.jpg-768x473.webp 768w, https:\/\/avsp.sindev.ch\/wp-content\/uploads\/2025\/09\/Bohnet_DSC01706-1920x1183.jpg-1536x946.webp 1536w, https:\/\/avsp.sindev.ch\/wp-content\/uploads\/2025\/09\/Bohnet_DSC01706-1920x1183.jpg.webp 1920w\" sizes=\"(max-width: 800px) 100vw, 800px\" \/><\/div><\/a>\n\t\t\t\t<div class=\"elementor-post__badge\">Unternehmensleben<\/div>\n\t\t\t\t<div class=\"elementor-post__avatar\">\n\t\t\t<img alt='David Contini' src='https:\/\/secure.gravatar.com\/avatar\/1223681b50b9d12dac73f07368cf6d386dc62bf1964ad2daa557273afd913922?s=128&#038;r=g' srcset='https:\/\/secure.gravatar.com\/avatar\/1223681b50b9d12dac73f07368cf6d386dc62bf1964ad2daa557273afd913922?s=256&#038;r=g 2x' class='avatar avatar-128 photo' height='128' width='128' \/>\t\t<\/div>\n\t\t\t\t<div class=\"elementor-post__text\">\n\t\t\t\t<h4 class=\"elementor-post__title\">\n\t\t\t<a href=\"https:\/\/avsp.sindev.ch\/de\/seminar-zum-stockwerkeigentumsrecht-2025\/\" target=&quot;_blank&quot;>\n\t\t\t\tSeminar zum Stockwerkeigentumsrecht 2025\t\t\t<\/a>\n\t\t<\/h4>\n\t\t\t\t\t<div class=\"elementor-post__read-more-wrapper\">\n\t\t\n\t\t<a class=\"elementor-post__read-more\" href=\"https:\/\/avsp.sindev.ch\/de\/seminar-zum-stockwerkeigentumsrecht-2025\/\" aria-label=\"Mehr \u00fcber Seminar zum Stockwerkeigentumsrecht 2025\" tabindex=\"-1\" target=\"_blank\">\n\t\t\tArtikel lesen \u00bb\t\t<\/a>\n\n\t\t\t\t\t<\/div>\n\t\t\t\t<\/div>\n\t\t\t\t<div class=\"elementor-post__meta-data\">\n\t\t\t\t\t<span class=\"elementor-post-date\">\n\t\t\t27 September 2025\t\t<\/span>\n\t\t\t\t<\/div>\n\t\t\t\t\t<\/div>\n\t\t<\/article>\n\t\t\t\t<article class=\"elementor-post elementor-grid-item post-2411 post type-post status-publish format-standard has-post-thumbnail hentry category-nicht-kategorisiert category-unternehmensleben\" role=\"listitem\">\n\t\t\t<div class=\"elementor-post__card\">\n\t\t\t\t<a class=\"elementor-post__thumbnail__link\" href=\"https:\/\/avsp.sindev.ch\/de\/neue-website\/\" tabindex=\"-1\" target=\"_blank\"><div class=\"elementor-post__thumbnail\"><img decoding=\"async\" width=\"678\" height=\"1024\" src=\"https:\/\/avsp.sindev.ch\/wp-content\/uploads\/2025\/09\/Etude_StPierre_ambiances-065a-678x1024.jpeg\" class=\"attachment-large size-large wp-image-2262\" alt=\"Etude Avocats St-Pierre\" srcset=\"https:\/\/avsp.sindev.ch\/wp-content\/uploads\/2025\/09\/Etude_StPierre_ambiances-065a-678x1024.jpeg 678w, https:\/\/avsp.sindev.ch\/wp-content\/uploads\/2025\/09\/Etude_StPierre_ambiances-065a-199x300.jpeg 199w, https:\/\/avsp.sindev.ch\/wp-content\/uploads\/2025\/09\/Etude_StPierre_ambiances-065a-768x1161.jpeg 768w, https:\/\/avsp.sindev.ch\/wp-content\/uploads\/2025\/09\/Etude_StPierre_ambiances-065a-1016x1536.jpeg 1016w, https:\/\/avsp.sindev.ch\/wp-content\/uploads\/2025\/09\/Etude_StPierre_ambiances-065a-1355x2048.jpeg 1355w, https:\/\/avsp.sindev.ch\/wp-content\/uploads\/2025\/09\/Etude_StPierre_ambiances-065a-scaled.jpeg 1694w\" sizes=\"(max-width: 678px) 100vw, 678px\" \/><\/div><\/a>\n\t\t\t\t<div class=\"elementor-post__badge\">Nicht kategorisiert<\/div>\n\t\t\t\t<div class=\"elementor-post__avatar\">\n\t\t\t<img alt='David Contini' src='https:\/\/secure.gravatar.com\/avatar\/1223681b50b9d12dac73f07368cf6d386dc62bf1964ad2daa557273afd913922?s=128&#038;r=g' srcset='https:\/\/secure.gravatar.com\/avatar\/1223681b50b9d12dac73f07368cf6d386dc62bf1964ad2daa557273afd913922?s=256&#038;r=g 2x' class='avatar avatar-128 photo' height='128' width='128' \/>\t\t<\/div>\n\t\t\t\t<div class=\"elementor-post__text\">\n\t\t\t\t<h4 class=\"elementor-post__title\">\n\t\t\t<a href=\"https:\/\/avsp.sindev.ch\/de\/neue-website\/\" target=&quot;_blank&quot;>\n\t\t\t\tNeue Website\t\t\t<\/a>\n\t\t<\/h4>\n\t\t\t\t\t<div class=\"elementor-post__read-more-wrapper\">\n\t\t\n\t\t<a class=\"elementor-post__read-more\" href=\"https:\/\/avsp.sindev.ch\/de\/neue-website\/\" aria-label=\"Mehr \u00fcber Neue Website\" tabindex=\"-1\" target=\"_blank\">\n\t\t\tArtikel lesen \u00bb\t\t<\/a>\n\n\t\t\t\t\t<\/div>\n\t\t\t\t<\/div>\n\t\t\t\t<div class=\"elementor-post__meta-data\">\n\t\t\t\t\t<span class=\"elementor-post-date\">\n\t\t\t15 September 2025\t\t<\/span>\n\t\t\t\t<\/div>\n\t\t\t\t\t<\/div>\n\t\t<\/article>\n\t\t\t\t<article class=\"elementor-post elementor-grid-item post-2225 post type-post status-publish format-standard has-post-thumbnail hentry category-nicht-kategorisiert category-praktische-tipps\" role=\"listitem\">\n\t\t\t<div class=\"elementor-post__card\">\n\t\t\t\t<a class=\"elementor-post__thumbnail__link\" href=\"https:\/\/avsp.sindev.ch\/de\/klauseln-zur-unterhaltspflicht-fallstricke-und-tipps\/\" tabindex=\"-1\" target=\"_blank\"><div class=\"elementor-post__thumbnail\"><img decoding=\"async\" width=\"800\" height=\"517\" src=\"https:\/\/avsp.sindev.ch\/wp-content\/uploads\/2025\/09\/Capture-decran-2025-09-11-a-14.54.58-1024x662.png\" class=\"attachment-large size-large wp-image-2220\" alt=\"\" srcset=\"https:\/\/avsp.sindev.ch\/wp-content\/uploads\/2025\/09\/Capture-decran-2025-09-11-a-14.54.58-1024x662.png 1024w, https:\/\/avsp.sindev.ch\/wp-content\/uploads\/2025\/09\/Capture-decran-2025-09-11-a-14.54.58-300x194.png 300w, https:\/\/avsp.sindev.ch\/wp-content\/uploads\/2025\/09\/Capture-decran-2025-09-11-a-14.54.58-768x496.png 768w, https:\/\/avsp.sindev.ch\/wp-content\/uploads\/2025\/09\/Capture-decran-2025-09-11-a-14.54.58.png 1250w\" sizes=\"(max-width: 800px) 100vw, 800px\" \/><\/div><\/a>\n\t\t\t\t<div class=\"elementor-post__badge\">Nicht kategorisiert<\/div>\n\t\t\t\t<div class=\"elementor-post__avatar\">\n\t\t\t<img alt='christophe borel' src='https:\/\/secure.gravatar.com\/avatar\/12554ec0d0d2a49cf8662fdaf93fb418ef9a66e2430522058c6f3b405deaadfc?s=128&#038;r=g' srcset='https:\/\/secure.gravatar.com\/avatar\/12554ec0d0d2a49cf8662fdaf93fb418ef9a66e2430522058c6f3b405deaadfc?s=256&#038;r=g 2x' class='avatar avatar-128 photo' height='128' width='128' \/>\t\t<\/div>\n\t\t\t\t<div class=\"elementor-post__text\">\n\t\t\t\t<h4 class=\"elementor-post__title\">\n\t\t\t<a href=\"https:\/\/avsp.sindev.ch\/de\/klauseln-zur-unterhaltspflicht-fallstricke-und-tipps\/\" target=&quot;_blank&quot;>\n\t\t\t\tKlauseln zur Unterhaltspflicht \u2013 Fallstricke und Tipps\t\t\t<\/a>\n\t\t<\/h4>\n\t\t\t\t\t<div class=\"elementor-post__read-more-wrapper\">\n\t\t\n\t\t<a class=\"elementor-post__read-more\" href=\"https:\/\/avsp.sindev.ch\/de\/klauseln-zur-unterhaltspflicht-fallstricke-und-tipps\/\" aria-label=\"Mehr \u00fcber Klauseln zur Unterhaltspflicht \u2013 Fallstricke und Tipps\" tabindex=\"-1\" target=\"_blank\">\n\t\t\tArtikel lesen \u00bb\t\t<\/a>\n\n\t\t\t\t\t<\/div>\n\t\t\t\t<\/div>\n\t\t\t\t<div class=\"elementor-post__meta-data\">\n\t\t\t\t\t<span class=\"elementor-post-date\">\n\t\t\t11 September 2025\t\t<\/span>\n\t\t\t\t<\/div>\n\t\t\t\t\t<\/div>\n\t\t<\/article>\n\t\t\t\t<article class=\"elementor-post elementor-grid-item post-1431 post type-post status-publish format-standard has-post-thumbnail hentry category-praktische-tipps\" role=\"listitem\">\n\t\t\t<div class=\"elementor-post__card\">\n\t\t\t\t<a class=\"elementor-post__thumbnail__link\" href=\"https:\/\/avsp.sindev.ch\/de\/krankheit-und-urlaub-pflichten-des-arbeitgebers-bzw-des-arbeitnehmers\/\" tabindex=\"-1\" target=\"_blank\"><div class=\"elementor-post__thumbnail\"><img loading=\"lazy\" decoding=\"async\" width=\"800\" height=\"285\" src=\"https:\/\/avsp.sindev.ch\/wp-content\/uploads\/2024\/05\/Capture-decran-2025-09-10-120307.jpg\" class=\"attachment-large size-large wp-image-2153\" alt=\"\" srcset=\"https:\/\/avsp.sindev.ch\/wp-content\/uploads\/2024\/05\/Capture-decran-2025-09-10-120307.jpg 1016w, https:\/\/avsp.sindev.ch\/wp-content\/uploads\/2024\/05\/Capture-decran-2025-09-10-120307-300x107.jpg 300w, https:\/\/avsp.sindev.ch\/wp-content\/uploads\/2024\/05\/Capture-decran-2025-09-10-120307-768x274.jpg 768w\" sizes=\"(max-width: 800px) 100vw, 800px\" \/><\/div><\/a>\n\t\t\t\t<div class=\"elementor-post__badge\">Praktische Tipps<\/div>\n\t\t\t\t<div class=\"elementor-post__avatar\">\n\t\t\t<img alt='Am\u00e9lie Gilli\u00e9ron' src='https:\/\/secure.gravatar.com\/avatar\/e58d4bd2eeea1da2fde4f6a3632e2f9eb27f9e88ad06f4e02d1b327237551740?s=128&#038;r=g' srcset='https:\/\/secure.gravatar.com\/avatar\/e58d4bd2eeea1da2fde4f6a3632e2f9eb27f9e88ad06f4e02d1b327237551740?s=256&#038;r=g 2x' class='avatar avatar-128 photo' height='128' width='128' \/>\t\t<\/div>\n\t\t\t\t<div class=\"elementor-post__text\">\n\t\t\t\t<h4 class=\"elementor-post__title\">\n\t\t\t<a href=\"https:\/\/avsp.sindev.ch\/de\/krankheit-und-urlaub-pflichten-des-arbeitgebers-bzw-des-arbeitnehmers\/\" target=&quot;_blank&quot;>\n\t\t\t\tKrankheit und Urlaub, Pflichten des Arbeitgebers bzw. des Arbeitnehmers?\t\t\t<\/a>\n\t\t<\/h4>\n\t\t\t\t\t<div class=\"elementor-post__read-more-wrapper\">\n\t\t\n\t\t<a class=\"elementor-post__read-more\" href=\"https:\/\/avsp.sindev.ch\/de\/krankheit-und-urlaub-pflichten-des-arbeitgebers-bzw-des-arbeitnehmers\/\" aria-label=\"Mehr \u00fcber Krankheit und Urlaub, Pflichten des Arbeitgebers bzw. des Arbeitnehmers?\" tabindex=\"-1\" target=\"_blank\">\n\t\t\tArtikel lesen \u00bb\t\t<\/a>\n\n\t\t\t\t\t<\/div>\n\t\t\t\t<\/div>\n\t\t\t\t<div class=\"elementor-post__meta-data\">\n\t\t\t\t\t<span class=\"elementor-post-date\">\n\t\t\t2 Mai 2024\t\t<\/span>\n\t\t\t\t<\/div>\n\t\t\t\t\t<\/div>\n\t\t<\/article>\n\t\t\t\t<article class=\"elementor-post elementor-grid-item post-1441 post type-post status-publish format-standard has-post-thumbnail hentry category-rechtliche-neuigkeiten\" role=\"listitem\">\n\t\t\t<div class=\"elementor-post__card\">\n\t\t\t\t<a class=\"elementor-post__thumbnail__link\" href=\"https:\/\/avsp.sindev.ch\/de\/die-kontrolle-der-behoerden-im-kanton-waadt-bei-nichteinhaltung-des-oeffentlichen-beschaffungsrechts-durch-die-vergabestelle\/\" tabindex=\"-1\" target=\"_blank\"><div class=\"elementor-post__thumbnail\"><img loading=\"lazy\" decoding=\"async\" width=\"800\" height=\"534\" src=\"https:\/\/avsp.sindev.ch\/wp-content\/uploads\/2025\/05\/Etude_StPierre_ambiances-025a-min-1024x683.jpeg\" class=\"attachment-large size-large wp-image-1442\" alt=\"\" srcset=\"https:\/\/avsp.sindev.ch\/wp-content\/uploads\/2025\/05\/Etude_StPierre_ambiances-025a-min-1024x683.jpeg 1024w, https:\/\/avsp.sindev.ch\/wp-content\/uploads\/2025\/05\/Etude_StPierre_ambiances-025a-min-300x200.jpeg 300w, https:\/\/avsp.sindev.ch\/wp-content\/uploads\/2025\/05\/Etude_StPierre_ambiances-025a-min-768x512.jpeg 768w, https:\/\/avsp.sindev.ch\/wp-content\/uploads\/2025\/05\/Etude_StPierre_ambiances-025a-min-1536x1024.jpeg 1536w, https:\/\/avsp.sindev.ch\/wp-content\/uploads\/2025\/05\/Etude_StPierre_ambiances-025a-min-2048x1365.jpeg 2048w\" sizes=\"(max-width: 800px) 100vw, 800px\" \/><\/div><\/a>\n\t\t\t\t<div class=\"elementor-post__badge\">Rechtliche Neuigkeiten<\/div>\n\t\t\t\t<div class=\"elementor-post__avatar\">\n\t\t\t<img alt='David Contini' src='https:\/\/secure.gravatar.com\/avatar\/1223681b50b9d12dac73f07368cf6d386dc62bf1964ad2daa557273afd913922?s=128&#038;r=g' srcset='https:\/\/secure.gravatar.com\/avatar\/1223681b50b9d12dac73f07368cf6d386dc62bf1964ad2daa557273afd913922?s=256&#038;r=g 2x' class='avatar avatar-128 photo' height='128' width='128' \/>\t\t<\/div>\n\t\t\t\t<div class=\"elementor-post__text\">\n\t\t\t\t<h4 class=\"elementor-post__title\">\n\t\t\t<a href=\"https:\/\/avsp.sindev.ch\/de\/die-kontrolle-der-behoerden-im-kanton-waadt-bei-nichteinhaltung-des-oeffentlichen-beschaffungsrechts-durch-die-vergabestelle\/\" target=&quot;_blank&quot;>\n\t\t\t\tDie Kontrolle der Beh\u00f6rden im Kanton Waadt bei Nichteinhaltung des \u00f6ffentlichen Beschaffungsrechts durch die Vergabestelle\t\t\t<\/a>\n\t\t<\/h4>\n\t\t\t\t\t<div class=\"elementor-post__read-more-wrapper\">\n\t\t\n\t\t<a class=\"elementor-post__read-more\" href=\"https:\/\/avsp.sindev.ch\/de\/die-kontrolle-der-behoerden-im-kanton-waadt-bei-nichteinhaltung-des-oeffentlichen-beschaffungsrechts-durch-die-vergabestelle\/\" aria-label=\"Mehr \u00fcber Die Kontrolle der Beh\u00f6rden im Kanton Waadt bei Nichteinhaltung des \u00f6ffentlichen Beschaffungsrechts durch die Vergabestelle\" tabindex=\"-1\" target=\"_blank\">\n\t\t\tArtikel lesen \u00bb\t\t<\/a>\n\n\t\t\t\t\t<\/div>\n\t\t\t\t<\/div>\n\t\t\t\t<div class=\"elementor-post__meta-data\">\n\t\t\t\t\t<span class=\"elementor-post-date\">\n\t\t\t22 Mai 2023\t\t<\/span>\n\t\t\t\t<\/div>\n\t\t\t\t\t<\/div>\n\t\t<\/article>\n\t\t\t\t<\/div>\n\t\t\n\t\t\t\t\t\t<\/div>\n\t\t\t\t<\/div>\n\t\t\t\t\t<\/div>\n\t\t\t\t<\/div>\n\t\t<div class=\"elementor-element elementor-element-6f6f046 e-flex e-con-boxed e-con e-parent\" data-id=\"6f6f046\" data-element_type=\"container\" data-e-type=\"container\">\n\t\t\t\t\t<div class=\"e-con-inner\">\n\t\t<div class=\"elementor-element elementor-element-ae9c5b0 e-con-full e-flex e-con e-child\" data-id=\"ae9c5b0\" data-element_type=\"container\" data-e-type=\"container\">\n\t\t<div class=\"elementor-element elementor-element-e2408c1 e-con-full e-flex e-con e-child\" data-id=\"e2408c1\" data-element_type=\"container\" data-e-type=\"container\">\n\t\t\t\t<div class=\"elementor-element elementor-element-e02e5b5 elementor-align-justify elementor-widget__width-initial elementor-widget elementor-widget-button\" data-id=\"e02e5b5\" data-element_type=\"widget\" data-e-type=\"widget\" data-widget_type=\"button.default\">\n\t\t\t\t<div class=\"elementor-widget-container\">\n\t\t\t\t\t\t\t\t\t<div class=\"elementor-button-wrapper\">\n\t\t\t\t\t<a class=\"elementor-button elementor-button-link elementor-size-sm\" href=\"https:\/\/avsp.sindev.ch\/de\/bevorzugte-rechtsgebiete\/\">\n\t\t\t\t\t\t<span class=\"elementor-button-content-wrapper\">\n\t\t\t\t\t\t\t\t\t<span class=\"elementor-button-text\">Unsere T\u00e4tigkeitsbereiche<\/span>\n\t\t\t\t\t<\/span>\n\t\t\t\t\t<\/a>\n\t\t\t\t<\/div>\n\t\t\t\t\t\t\t\t<\/div>\n\t\t\t\t<\/div>\n\t\t\t\t<div class=\"elementor-element elementor-element-5d1e3eb elementor-widget__width-initial elementor-align-justify elementor-widget elementor-widget-button\" data-id=\"5d1e3eb\" data-element_type=\"widget\" data-e-type=\"widget\" data-widget_type=\"button.default\">\n\t\t\t\t<div class=\"elementor-widget-container\">\n\t\t\t\t\t\t\t\t\t<div class=\"elementor-button-wrapper\">\n\t\t\t\t\t<a class=\"elementor-button elementor-button-link elementor-size-sm\" href=\"https:\/\/avsp.sindev.ch\/de\/rechtsanwaelte\/\">\n\t\t\t\t\t\t<span class=\"elementor-button-content-wrapper\">\n\t\t\t\t\t\t\t\t\t<span class=\"elementor-button-text\">Unsere Anw\u00e4lte <\/span>\n\t\t\t\t\t<\/span>\n\t\t\t\t\t<\/a>\n\t\t\t\t<\/div>\n\t\t\t\t\t\t\t\t<\/div>\n\t\t\t\t<\/div>\n\t\t\t\t<\/div>\n\t\t\t\t<\/div>\n\t\t\t\t\t<\/div>\n\t\t\t\t<\/div>\n\t\t\t\t<\/div>\n\t\t","protected":false},"excerpt":{"rendered":"<p>Aktuelles Entdecken Sie unsere Artikel, um die Neuigkeiten unserer Kanzlei<\/p>\n","protected":false},"author":7,"featured_media":0,"parent":0,"menu_order":0,"comment_status":"closed","ping_status":"closed","template":"","meta":{"_acf_changed":false,"footnotes":""},"class_list":["post-1516","page","type-page","status-publish","hentry"],"acf":[],"_links":{"self":[{"href":"https:\/\/avsp.sindev.ch\/de\/wp-json\/wp\/v2\/pages\/1516","targetHints":{"allow":["GET"]}}],"collection":[{"href":"https:\/\/avsp.sindev.ch\/de\/wp-json\/wp\/v2\/pages"}],"about":[{"href":"https:\/\/avsp.sindev.ch\/de\/wp-json\/wp\/v2\/types\/page"}],"author":[{"embeddable":true,"href":"https:\/\/avsp.sindev.ch\/de\/wp-json\/wp\/v2\/users\/7"}],"replies":[{"embeddable":true,"href":"https:\/\/avsp.sindev.ch\/de\/wp-json\/wp\/v2\/comments?post=1516"}],"version-history":[{"count":4,"href":"https:\/\/avsp.sindev.ch\/de\/wp-json\/wp\/v2\/pages\/1516\/revisions"}],"predecessor-version":[{"id":2083,"href":"https:\/\/avsp.sindev.ch\/de\/wp-json\/wp\/v2\/pages\/1516\/revisions\/2083"}],"wp:attachment":[{"href":"https:\/\/avsp.sindev.ch\/de\/wp-json\/wp\/v2\/media?parent=1516"}],"curies":[{"name":"wp","href":"https:\/\/api.w.org\/{rel}","templated":true}]}}