{"id":1497,"date":"2025-05-09T14:06:20","date_gmt":"2025-05-09T12:06:20","guid":{"rendered":"https:\/\/avsp.sindev.ch\/honorare\/"},"modified":"2025-11-04T18:15:22","modified_gmt":"2025-11-04T16:15:22","slug":"honorare","status":"publish","type":"page","link":"https:\/\/avsp.sindev.ch\/de\/honorare\/","title":{"rendered":"Honorare"},"content":{"rendered":"\t\t<div data-elementor-type=\"wp-page\" data-elementor-id=\"1497\" class=\"elementor elementor-1497 elementor-405\" data-elementor-post-type=\"page\">\n\t\t\t\t<div class=\"elementor-element elementor-element-230abea e-con-full e-flex e-con e-parent\" data-id=\"230abea\" data-element_type=\"container\" data-e-type=\"container\" data-settings=\"{&quot;background_background&quot;:&quot;classic&quot;}\">\n\t\t\t\t<\/div>\n\t\t<div class=\"elementor-element elementor-element-bd14f9b e-flex e-con-boxed e-con e-parent\" data-id=\"bd14f9b\" data-element_type=\"container\" data-e-type=\"container\">\n\t\t\t\t\t<div class=\"e-con-inner\">\n\t\t\t\t<div class=\"elementor-element elementor-element-f4f0424 elementor-widget elementor-widget-heading\" data-id=\"f4f0424\" data-element_type=\"widget\" data-e-type=\"widget\" data-widget_type=\"heading.default\">\n\t\t\t\t<div class=\"elementor-widget-container\">\n\t\t\t\t\t<h1 class=\"elementor-heading-title elementor-size-default\">Unsere Honorare <\/h1>\t\t\t\t<\/div>\n\t\t\t\t<\/div>\n\t\t\t\t<div class=\"elementor-element elementor-element-5550ac3 elementor-widget elementor-widget-text-editor\" data-id=\"5550ac3\" data-element_type=\"widget\" data-e-type=\"widget\" data-widget_type=\"text-editor.default\">\n\t\t\t\t<div class=\"elementor-widget-container\">\n\t\t\t\t\t\t\t\t\t<p>Es gibt keinen festgelegten oder empfohlenen Tarif f\u00fcr Anwaltshonorare.<\/p><p>Gem\u00e4\u00df dem Gesetz werden die Honorare somit von Fall zu Fall festgelegt, unter Ber\u00fccksichtigung des Zeitaufwands f\u00fcr die Ausf\u00fchrung des Mandats, der Schwierigkeiten und der Ausf\u00fchrungsfristen, der Bedeutung der betreffenden Interessen, des erzielten Ergebnisses und der Erfahrung des Anwalts.<\/p><p>Jedoch wird zu Beginn des Mandats die Frage der Honorare besprochen, damit dieser wichtige Punkt in voller Transparenz geregelt wird.<\/p><p>Um unsere Klienten \u00fcber die Entwicklung der Honorare auf dem Laufenden zu halten und gem\u00e4\u00df den Regeln unseres Berufsstandes, fordern wir regelm\u00e4\u00dfig Vorsch\u00fcsse (d.h. Anzahlungen) an oder stellen regelm\u00e4\u00dfig Zwischenrechnungen f\u00fcr Kosten und Honorare.<\/p><p>Im Falle einer prek\u00e4ren finanziellen Situation werden wir Ihnen vorschlagen, einen Antrag auf Prozesskostenhilfe zu stellen.<\/p><p>F\u00fcr weitere Informationen besuchen Sie bitte die Website <a href=\"https:\/\/oav.ch\/publique\/honoraires-et-assistance-judiciaire\/\" target=\"_blank\" rel=\"noopener\">oav.ch<\/a><\/p>\t\t\t\t\t\t\t\t<\/div>\n\t\t\t\t<\/div>\n\t\t\t\t<div class=\"elementor-element elementor-element-c09bd83 elementor-widget elementor-widget-button\" data-id=\"c09bd83\" data-element_type=\"widget\" data-e-type=\"widget\" data-widget_type=\"button.default\">\n\t\t\t\t<div class=\"elementor-widget-container\">\n\t\t\t\t\t\t\t\t\t<div class=\"elementor-button-wrapper\">\n\t\t\t\t\t<a class=\"elementor-button elementor-button-link elementor-size-sm\" href=\"https:\/\/avsp.sindev.ch\/de\/kontakt\/\" target=\"_blank\">\n\t\t\t\t\t\t<span class=\"elementor-button-content-wrapper\">\n\t\t\t\t\t\t\t\t\t<span class=\"elementor-button-text\">Kontakt<\/span>\n\t\t\t\t\t<\/span>\n\t\t\t\t\t<\/a>\n\t\t\t\t<\/div>\n\t\t\t\t\t\t\t\t<\/div>\n\t\t\t\t<\/div>\n\t\t\t\t\t<\/div>\n\t\t\t\t<\/div>\n\t\t\t\t<\/div>\n\t\t","protected":false},"excerpt":{"rendered":"<p>Unsere Honorare Es gibt keinen festgelegten oder empfohlenen Tarif f\u00fcr Anwaltshonorare. Gem\u00e4\u00df dem Gesetz werden die Honorare somit von Fall zu Fall festgelegt, unter Ber\u00fccksichtigung des Zeitaufwands f\u00fcr die Ausf\u00fchrung des Mandats, der Schwierigkeiten und der Ausf\u00fchrungsfristen, der Bedeutung der betreffenden Interessen, des erzielten Ergebnisses und der Erfahrung des Anwalts. Jedoch wird zu Beginn des [&hellip;]<\/p>\n","protected":false},"author":7,"featured_media":0,"parent":0,"menu_order":0,"comment_status":"closed","ping_status":"closed","template":"","meta":{"_acf_changed":false,"footnotes":""},"class_list":["post-1497","page","type-page","status-publish","hentry"],"acf":[],"_links":{"self":[{"href":"https:\/\/avsp.sindev.ch\/de\/wp-json\/wp\/v2\/pages\/1497","targetHints":{"allow":["GET"]}}],"collection":[{"href":"https:\/\/avsp.sindev.ch\/de\/wp-json\/wp\/v2\/pages"}],"about":[{"href":"https:\/\/avsp.sindev.ch\/de\/wp-json\/wp\/v2\/types\/page"}],"author":[{"embeddable":true,"href":"https:\/\/avsp.sindev.ch\/de\/wp-json\/wp\/v2\/users\/7"}],"replies":[{"embeddable":true,"href":"https:\/\/avsp.sindev.ch\/de\/wp-json\/wp\/v2\/comments?post=1497"}],"version-history":[{"count":3,"href":"https:\/\/avsp.sindev.ch\/de\/wp-json\/wp\/v2\/pages\/1497\/revisions"}],"predecessor-version":[{"id":2384,"href":"https:\/\/avsp.sindev.ch\/de\/wp-json\/wp\/v2\/pages\/1497\/revisions\/2384"}],"wp:attachment":[{"href":"https:\/\/avsp.sindev.ch\/de\/wp-json\/wp\/v2\/media?parent=1497"}],"curies":[{"name":"wp","href":"https:\/\/api.w.org\/{rel}","templated":true}]}}